{"id":73,"date":"2024-01-21T23:38:50","date_gmt":"2024-01-21T23:38:50","guid":{"rendered":"https:\/\/bulkgrade.com\/?page_id=73"},"modified":"2024-04-19T13:07:29","modified_gmt":"2024-04-19T13:07:29","slug":"contacto","status":"publish","type":"page","link":"https:\/\/bulkgrade.com\/index.php\/contacto\/","title":{"rendered":"Contacto"},"content":{"rendered":"\n<div class=\"wp-block-columns is-layout-flex wp-container-core-columns-is-layout-28f84493 wp-block-columns-is-layout-flex\">\n<div class=\"wp-block-column is-layout-flow wp-block-column-is-layout-flow\">\n<div class=\"wpcf7 no-js\" id=\"wpcf7-f5-o1\" lang=\"es-ES\" dir=\"ltr\">\n<div class=\"screen-reader-response\"><p role=\"status\" aria-live=\"polite\" aria-atomic=\"true\"><\/p> <ul><\/ul><\/div>\n<form action=\"\/index.php\/wp-json\/wp\/v2\/pages\/73#wpcf7-f5-o1\" method=\"post\" class=\"wpcf7-form init\" aria-label=\"Formulario de contacto\" novalidate=\"novalidate\" data-status=\"init\">\n<div style=\"display: none;\">\n<input type=\"hidden\" name=\"_wpcf7\" value=\"5\" \/>\n<input type=\"hidden\" name=\"_wpcf7_version\" value=\"5.9.3\" \/>\n<input type=\"hidden\" name=\"_wpcf7_locale\" value=\"es_ES\" \/>\n<input type=\"hidden\" name=\"_wpcf7_unit_tag\" value=\"wpcf7-f5-o1\" \/>\n<input type=\"hidden\" name=\"_wpcf7_container_post\" value=\"0\" \/>\n<input type=\"hidden\" name=\"_wpcf7_posted_data_hash\" value=\"\" \/>\n<\/div>\n<p><label> Tu nombre<br \/>\n<span class=\"wpcf7-form-control-wrap\" data-name=\"your-name\"><input size=\"40\" class=\"wpcf7-form-control wpcf7-text wpcf7-validates-as-required\" autocomplete=\"name\" aria-required=\"true\" aria-invalid=\"false\" value=\"\" type=\"text\" name=\"your-name\" \/><\/span> <\/label>\n<\/p>\n<p><label> Tu correo electr\u00f3nico<br \/>\n<span class=\"wpcf7-form-control-wrap\" data-name=\"your-email\"><input size=\"40\" class=\"wpcf7-form-control wpcf7-email wpcf7-validates-as-required wpcf7-text wpcf7-validates-as-email\" autocomplete=\"email\" aria-required=\"true\" aria-invalid=\"false\" value=\"\" type=\"email\" name=\"your-email\" \/><\/span> <\/label>\n<\/p>\n<p><label> Asunto<br \/>\n<span class=\"wpcf7-form-control-wrap\" data-name=\"your-subject\"><input size=\"40\" class=\"wpcf7-form-control wpcf7-text wpcf7-validates-as-required\" aria-required=\"true\" aria-invalid=\"false\" value=\"\" type=\"text\" name=\"your-subject\" \/><\/span> <\/label>\n<\/p>\n<p><label> Tu mensaje (opcional)<br \/>\n<span class=\"wpcf7-form-control-wrap\" data-name=\"your-message\"><textarea cols=\"40\" rows=\"10\" class=\"wpcf7-form-control wpcf7-textarea\" aria-invalid=\"false\" name=\"your-message\"><\/textarea><\/span> <\/label>\n<\/p>\n<p><input class=\"wpcf7-form-control wpcf7-submit has-spinner\" type=\"submit\" value=\"Enviar\" \/>\n<\/p><div class=\"wpcf7-response-output\" aria-hidden=\"true\"><\/div>\n<\/form>\n<\/div>\n\n<\/div>\n\n\n\n<div class=\"wp-block-column is-layout-flow wp-block-column-is-layout-flow\">\n<h2 class=\"wp-block-heading\">Ll\u00e1manos<\/h2>\n\n\n\n<p>Tel\u00e9fono 81 1292 7292<\/p>\n\n\n\n<div style=\"height:20px\" aria-hidden=\"true\" class=\"wp-block-spacer\"><\/div>\n\n\n\t\t<div class='wp-block-b-blocks-mailto  free align' id='bBlocksMailto-295c2388-c'>\r\n\t\t\t<style>\r\n\t\t\t\t@import url( https:\/\/fonts.googleapis.com\/css2?family=Abel&amp;display=swap );#bBlocksMailto-295c2388-c .bBlocksMailto a.mailtoButton{ font-family: &#039;Abel&#039;, sans-serif;font-weight: 400;font-size: 22px;font-style: normal;text-transform: none;text-decoration: auto;line-height: 135%;letter-spacing: 0px; } @media (max-width: 768px) { #bBlocksMailto-295c2388-c .bBlocksMailto a.mailtoButton{ font-size: 20px; } } @media (max-width: 576px) { #bBlocksMailto-295c2388-c .bBlocksMailto a.mailtoButton{ font-size: 18px; } }#bBlocksMailto-295c2388-c .bBlocksMailto {  text-align: center; }#bBlocksMailto-295c2388-c .bBlocksMailto a.mailtoButton { color: #fff;background: #111111; padding: 18px 45px;border-radius: 50px; box-shadow: 0px 5px 20px 0px #111111; }#bBlocksMailto-295c2388-c .bBlocksMailto a.mailtoButton:hover { color: #fff;background: rgba(34, 27, 113, 1); box-shadow: 0px 5px 20px 0px rgba(34, 27, 113, 1); }\t\t\t<\/style>\r\n\r\n\t\t\t<div class='bBlocksMailto'>\r\n\t\t\t\t<a href='mailto:operaciones@bulkgrade.com' class='mailtoui mailtoButton'>\r\n\t\t\t\t\t<i class='fa fa-paper-plane'><\/i>\r\n\t\t\t\t\t<span>Enviar E-mail<\/span>\r\n\r\n\t\t\t\t\t\t\t\t\t<\/a>\r\n\t\t\t<\/div>\r\n\t\t<\/div>\r\n\t\t\n\n\n<div style=\"height:20px\" aria-hidden=\"true\" class=\"wp-block-spacer\"><\/div>\n\n\n\n<p class=\"has-medium-font-size\">Ignacio L\u00f3pez Ray\u00f3n No. 2810 Nte. Col. Bellavista. C.P. 64410. Monterrey, N.L. \u2013 M\u00e9xico<\/p>\n\n\n\n<p><iframe src=\"https:\/\/www.google.com\/maps\/embed?pb=!1m18!1m12!1m3!1d3595.0955187191335!2d-100.32141772470165!3d25.70126127738996!2m3!1f0!2f0!3f0!3m2!1i1024!2i768!4f13.1!3m3!1m2!1s0x866295bd000e1e7b%3A0xd83ac3e360e5a7a2!2sIgnacio%20L%C3%B3pez%20Rayon%2C%20Bella%20Vista%2C%2064410%20Monterrey%2C%20N.L.!5e0!3m2!1ses-419!2smx!4v1705881214647!5m2!1ses-419!2smx\" width=\"400\" height=\"300\" style=\"border:0;\" allowfullscreen=\"\" loading=\"lazy\" referrerpolicy=\"no-referrer-when-downgrade\"><\/iframe><\/p>\n<\/div>\n<\/div>\n","protected":false},"excerpt":{"rendered":"<p>Ll\u00e1manos Tel\u00e9fono 81 1292 7292 Ignacio L\u00f3pez Ray\u00f3n No. 2810 Nte. Col. Bellavista. C.P. 64410. Monterrey, N.L. \u2013 M\u00e9xico<\/p>\n","protected":false},"author":1,"featured_media":0,"parent":0,"menu_order":0,"comment_status":"closed","ping_status":"closed","template":"","meta":{"footnotes":""},"class_list":["post-73","page","type-page","status-publish","hentry"],"_links":{"self":[{"href":"https:\/\/bulkgrade.com\/index.php\/wp-json\/wp\/v2\/pages\/73","targetHints":{"allow":["GET"]}}],"collection":[{"href":"https:\/\/bulkgrade.com\/index.php\/wp-json\/wp\/v2\/pages"}],"about":[{"href":"https:\/\/bulkgrade.com\/index.php\/wp-json\/wp\/v2\/types\/page"}],"author":[{"embeddable":true,"href":"https:\/\/bulkgrade.com\/index.php\/wp-json\/wp\/v2\/users\/1"}],"replies":[{"embeddable":true,"href":"https:\/\/bulkgrade.com\/index.php\/wp-json\/wp\/v2\/comments?post=73"}],"version-history":[{"count":11,"href":"https:\/\/bulkgrade.com\/index.php\/wp-json\/wp\/v2\/pages\/73\/revisions"}],"predecessor-version":[{"id":171,"href":"https:\/\/bulkgrade.com\/index.php\/wp-json\/wp\/v2\/pages\/73\/revisions\/171"}],"wp:attachment":[{"href":"https:\/\/bulkgrade.com\/index.php\/wp-json\/wp\/v2\/media?parent=73"}],"curies":[{"name":"wp","href":"https:\/\/api.w.org\/{rel}","templated":true}]}}