{"id":68,"date":"2024-01-21T23:31:22","date_gmt":"2024-01-21T23:31:22","guid":{"rendered":"https:\/\/bulkgrade.com\/?page_id=68"},"modified":"2024-04-24T12:34:44","modified_gmt":"2024-04-24T12:34:44","slug":"innovacion","status":"publish","type":"page","link":"https:\/\/bulkgrade.com\/index.php\/innovacion\/","title":{"rendered":"Innovaci\u00f3n"},"content":{"rendered":"\n<div class=\"wp-block-columns alignwide is-layout-flex wp-container-core-columns-is-layout-d1c656ed wp-block-columns-is-layout-flex\">\n<div class=\"wp-block-column is-vertically-aligned-center is-layout-flow wp-block-column-is-layout-flow\" style=\"flex-basis:40%\">\n<h3 class=\"wp-block-heading is-style-default\">Innovaci\u00f3n Sostenible<\/h3>\n\n\n\n<p class=\"has-small-font-size\">Nos destacamos como pioneros en la adopci\u00f3n de pr\u00e1cticas sostenibles y tecnolog\u00edas innovadoras. Desde el dise\u00f1o hasta la producci\u00f3n, cada paso que damos est\u00e1 impulsado por el compromiso de minimizar nuestro impacto ambiental y ofrecer soluciones de embalaje que no solo sean eficientes, sino tambi\u00e9n responsables con el medio ambiente.<\/p>\n<\/div>\n\n\n\n<div class=\"wp-block-column is-layout-flow wp-block-column-is-layout-flow\" style=\"flex-basis:50%\">\n<figure class=\"wp-block-image size-full is-style-rounded is-style-rounded--1\"><img loading=\"lazy\" decoding=\"async\" width=\"624\" height=\"351\" src=\"https:\/\/bulkgrade.com\/wp-content\/uploads\/2024\/01\/Imagen3.png\" alt=\"\" class=\"wp-image-10\" srcset=\"https:\/\/bulkgrade.com\/wp-content\/uploads\/2024\/01\/Imagen3.png 624w, https:\/\/bulkgrade.com\/wp-content\/uploads\/2024\/01\/Imagen3-300x169.png 300w\" sizes=\"auto, (max-width: 624px) 100vw, 624px\" \/><\/figure>\n<\/div>\n<\/div>\n","protected":false},"excerpt":{"rendered":"<p>Innovaci\u00f3n Sostenible Nos destacamos como pioneros en la adopci\u00f3n de pr\u00e1cticas sostenibles y tecnolog\u00edas innovadoras. Desde el dise\u00f1o hasta la producci\u00f3n, cada paso que damos est\u00e1 impulsado por el compromiso de minimizar nuestro impacto ambiental y ofrecer soluciones de embalaje que no solo sean eficientes, sino tambi\u00e9n responsables con el medio ambiente.<\/p>\n","protected":false},"author":1,"featured_media":0,"parent":0,"menu_order":0,"comment_status":"closed","ping_status":"closed","template":"","meta":{"footnotes":""},"class_list":["post-68","page","type-page","status-publish","hentry"],"_links":{"self":[{"href":"https:\/\/bulkgrade.com\/index.php\/wp-json\/wp\/v2\/pages\/68","targetHints":{"allow":["GET"]}}],"collection":[{"href":"https:\/\/bulkgrade.com\/index.php\/wp-json\/wp\/v2\/pages"}],"about":[{"href":"https:\/\/bulkgrade.com\/index.php\/wp-json\/wp\/v2\/types\/page"}],"author":[{"embeddable":true,"href":"https:\/\/bulkgrade.com\/index.php\/wp-json\/wp\/v2\/users\/1"}],"replies":[{"embeddable":true,"href":"https:\/\/bulkgrade.com\/index.php\/wp-json\/wp\/v2\/comments?post=68"}],"version-history":[{"count":2,"href":"https:\/\/bulkgrade.com\/index.php\/wp-json\/wp\/v2\/pages\/68\/revisions"}],"predecessor-version":[{"id":168,"href":"https:\/\/bulkgrade.com\/index.php\/wp-json\/wp\/v2\/pages\/68\/revisions\/168"}],"wp:attachment":[{"href":"https:\/\/bulkgrade.com\/index.php\/wp-json\/wp\/v2\/media?parent=68"}],"curies":[{"name":"wp","href":"https:\/\/api.w.org\/{rel}","templated":true}]}}