{"id":2,"date":"2024-01-21T18:26:28","date_gmt":"2024-01-21T18:26:28","guid":{"rendered":"https:\/\/bulkgrade.com\/?page_id=2"},"modified":"2024-04-17T04:54:30","modified_gmt":"2024-04-17T04:54:30","slug":"sample-page","status":"publish","type":"page","link":"https:\/\/bulkgrade.com\/index.php\/sample-page\/","title":{"rendered":"Nosotros"},"content":{"rendered":"\n<div class=\"wp-block-group alignfull has-global-padding is-layout-constrained wp-container-core-group-is-layout-d89aad35 wp-block-group-is-layout-constrained\" style=\"margin-top:0;margin-bottom:0;padding-top:var(--wp--preset--spacing--50);padding-right:var(--wp--preset--spacing--50);padding-bottom:var(--wp--preset--spacing--50);padding-left:var(--wp--preset--spacing--50)\">\n<div class=\"wp-block-group alignwide has-global-padding is-layout-constrained wp-container-core-group-is-layout-19e250f3 wp-block-group-is-layout-constrained\">\n<h2 class=\"wp-block-heading has-text-align-center is-style-default\">Compa\u00f1\u00eda<\/h2>\n\n\n\n<div style=\"height:var(--wp--preset--spacing--40)\" aria-hidden=\"true\" class=\"wp-block-spacer\"><\/div>\n\n\n\n<p class=\"has-text-align-center has-small-font-size\">Con m\u00e1s de dos d\u00e9cadas de dedicaci\u00f3n inquebrantable, nuestra compa\u00f1\u00eda se enorgullece de ser un referente en la industria de supersacos y arpillas. Desde nuestros modestos inicios, hemos crecido y evolucionado, forjando un camino de excelencia respaldado por m\u00e1s de 20 a\u00f1os de experiencia inigualable. Nos destacamos como l\u00edderes confiables en el mercado, donde la calidad y la innovaci\u00f3n son nuestra firma distintiva. A lo largo de los a\u00f1os, hemos perfeccionado nuestras t\u00e9cnicas de fabricaci\u00f3n, adoptando pr\u00e1cticas sostenibles y manteniendo un compromiso constante con la satisfacci\u00f3n del cliente. Nuestra larga trayectoria no solo es un testimonio de nuestra durabilidad como empresa, sino tambi\u00e9n un reflejo de la confianza que depositan en nosotros aquellos que buscan soluciones de embalaje superiores. Estamos comprometidos con la evoluci\u00f3n continua, anticipando las necesidades cambiantes del mercado y superando las expectativas con cada supersaco y arpilla que lleva nuestro sello de experiencia y calidad.<\/p>\n\n\n\n<div style=\"height:var(--wp--preset--spacing--40)\" aria-hidden=\"true\" class=\"wp-block-spacer\"><\/div>\n\n\n\n<div class=\"wp-block-columns alignwide is-layout-flex wp-container-core-columns-is-layout-d1c656ed wp-block-columns-is-layout-flex\">\n<div class=\"wp-block-column is-vertically-aligned-center is-layout-flow wp-block-column-is-layout-flow\" style=\"flex-basis:40%\">\n<h3 class=\"wp-block-heading is-style-default\">Misi\u00f3n<\/h3>\n\n\n\n<p class=\"has-small-font-size\">En nuestra misi\u00f3n de m\u00e1s de dos d\u00e9cadas, nos hemos consolidado como pioneros y referentes en la industria de supersacos y arpillas. Guiados por un compromiso innegociable con la excelencia y la innovaci\u00f3n sostenible, nuestra misi\u00f3n es simple pero poderosa: superar continuamente los est\u00e1ndares de calidad y ofrecer soluciones de embalaje que no solo cumplan, sino que tambi\u00e9n superen las expectativas de nuestros clientes. Nos esforzamos por ser no solo proveedores confiables, sino tambi\u00e9n catalizadores del \u00e9xito de quienes conf\u00edan en nuestros productos. Nuestra misi\u00f3n se extiende m\u00e1s all\u00e1 de la mera transacci\u00f3n comercial; abrazamos la responsabilidad social corporativa, contribuyendo positivamente a las comunidades en las que operamos. Con cada supersaco y arpilla que producimos, reafirmamos nuestro compromiso de ser agentes de cambio en la industria, liderando con integridad, transparencia y un enfoque apasionado hacia la calidad que define nuestra esencia como empresa.<\/p>\n<\/div>\n\n\n\n<div class=\"wp-block-column is-layout-flow wp-block-column-is-layout-flow\" style=\"flex-basis:50%\">\n<figure class=\"wp-block-image size-full is-style-rounded is-style-rounded--1\"><img loading=\"lazy\" decoding=\"async\" width=\"1024\" height=\"536\" src=\"https:\/\/bulkgrade.com\/wp-content\/uploads\/2024\/04\/WhatsApp-Image-2024-02-21-at-1.10.02-PM.jpeg\" alt=\"\" class=\"wp-image-142\" srcset=\"https:\/\/bulkgrade.com\/wp-content\/uploads\/2024\/04\/WhatsApp-Image-2024-02-21-at-1.10.02-PM.jpeg 1024w, https:\/\/bulkgrade.com\/wp-content\/uploads\/2024\/04\/WhatsApp-Image-2024-02-21-at-1.10.02-PM-300x157.jpeg 300w, https:\/\/bulkgrade.com\/wp-content\/uploads\/2024\/04\/WhatsApp-Image-2024-02-21-at-1.10.02-PM-768x402.jpeg 768w\" sizes=\"auto, (max-width: 1024px) 100vw, 1024px\" \/><\/figure>\n<\/div>\n<\/div>\n\n\n\n<div style=\"height:var(--wp--preset--spacing--40)\" aria-hidden=\"true\" class=\"wp-block-spacer\"><\/div>\n\n\n\n<div class=\"wp-block-columns alignwide is-layout-flex wp-container-core-columns-is-layout-d1c656ed wp-block-columns-is-layout-flex\">\n<div class=\"wp-block-column is-layout-flow wp-block-column-is-layout-flow\" style=\"flex-basis:50%\">\n<figure class=\"wp-block-image size-full is-style-rounded is-style-rounded--2\"><img loading=\"lazy\" decoding=\"async\" width=\"1000\" height=\"400\" src=\"https:\/\/bulkgrade.com\/wp-content\/uploads\/2024\/04\/WhatsApp-Image-2024-02-21-at-1.10.02-PM-1.jpeg\" alt=\"\" class=\"wp-image-140\" srcset=\"https:\/\/bulkgrade.com\/wp-content\/uploads\/2024\/04\/WhatsApp-Image-2024-02-21-at-1.10.02-PM-1.jpeg 1000w, https:\/\/bulkgrade.com\/wp-content\/uploads\/2024\/04\/WhatsApp-Image-2024-02-21-at-1.10.02-PM-1-300x120.jpeg 300w, https:\/\/bulkgrade.com\/wp-content\/uploads\/2024\/04\/WhatsApp-Image-2024-02-21-at-1.10.02-PM-1-768x307.jpeg 768w\" sizes=\"auto, (max-width: 1000px) 100vw, 1000px\" \/><\/figure>\n<\/div>\n\n\n\n<div class=\"wp-block-column is-vertically-aligned-center is-layout-flow wp-block-column-is-layout-flow\" style=\"flex-basis:40%\">\n<h3 class=\"wp-block-heading is-style-default\">Visi\u00f3n<\/h3>\n\n\n\n<p class=\"has-small-font-size\">En nuestra visi\u00f3n hacia el futuro, nos proyectamos como la principal fuerza motriz en la evoluci\u00f3n del embalaje a nivel global. Visualizamos una empresa que, con m\u00e1s de dos d\u00e9cadas de liderazgo consolidado, contin\u00faa siendo la elecci\u00f3n predilecta de aquellos que buscan la excelencia en supersacos y arpillas. En los pr\u00f3ximos a\u00f1os, aspiramos a expandir nuestro impacto sostenible, adoptando tecnolog\u00edas de vanguardia para seguir siendo innovadores en el dise\u00f1o y la fabricaci\u00f3n de productos que marquen tendencia en la industria. Nos imaginamos como un agente transformador, influyendo en la percepci\u00f3n de lo que significa la calidad en el embalaje, al tiempo que mantenemos nuestra dedicaci\u00f3n a la responsabilidad social y la \u00e9tica empresarial. Nuestra visi\u00f3n abarca un futuro donde la marca se asocie no solo con productos de alta calidad, sino tambi\u00e9n con un compromiso incansable con la sostenibilidad, la satisfacci\u00f3n del cliente y la contribuci\u00f3n positiva a la sociedad en general. En resumen, nos esforzamos por ser l\u00edderes visionarios que definen el est\u00e1ndar global de excelencia en supersacos y arpillas.<\/p>\n<\/div>\n<\/div>\n\n\n\n<div style=\"height:var(--wp--preset--spacing--40)\" aria-hidden=\"true\" class=\"wp-block-spacer\"><\/div>\n\n\n\n<div class=\"wp-block-columns alignwide is-layout-flex wp-container-core-columns-is-layout-d1c656ed wp-block-columns-is-layout-flex\">\n<div class=\"wp-block-column is-vertically-aligned-center is-layout-flow wp-block-column-is-layout-flow\" style=\"flex-basis:40%\">\n<h3 class=\"wp-block-heading is-style-default\">Propuesta de valor<\/h3>\n\n\n\n<p class=\"has-small-font-size\">En nuestra empresa, nos enorgullece presentar una propuesta de valor \u00fanica que va m\u00e1s all\u00e1 de la simple entrega de supersacos y arpillas. Somos arquitectos de soluciones de embalaje que redefinen la experiencia del cliente y elevan los est\u00e1ndares de la industria. Nuestra promesa se basa en tres pilares fundamentales:<\/p>\n<\/div>\n\n\n\n<div class=\"wp-block-column is-layout-flow wp-block-column-is-layout-flow\" style=\"flex-basis:50%\">\n<figure class=\"wp-block-image size-full is-style-rounded is-style-rounded--3\"><img loading=\"lazy\" decoding=\"async\" width=\"535\" height=\"301\" src=\"https:\/\/bulkgrade.com\/wp-content\/uploads\/2024\/01\/Imagen2.png\" alt=\"\" class=\"wp-image-9\" srcset=\"https:\/\/bulkgrade.com\/wp-content\/uploads\/2024\/01\/Imagen2.png 535w, https:\/\/bulkgrade.com\/wp-content\/uploads\/2024\/01\/Imagen2-300x169.png 300w\" sizes=\"auto, (max-width: 535px) 100vw, 535px\" \/><\/figure>\n<\/div>\n<\/div>\n\n\n\n<div style=\"height:var(--wp--preset--spacing--40)\" aria-hidden=\"true\" class=\"wp-block-spacer\"><\/div>\n<\/div>\n<\/div>\n","protected":false},"excerpt":{"rendered":"<p>Compa\u00f1\u00eda Con m\u00e1s de dos d\u00e9cadas de dedicaci\u00f3n inquebrantable, nuestra compa\u00f1\u00eda se enorgullece de ser un referente en la industria de supersacos y arpillas. Desde nuestros modestos inicios, hemos crecido y evolucionado, forjando un camino de excelencia respaldado por m\u00e1s de 20 a\u00f1os de experiencia inigualable. Nos destacamos como l\u00edderes confiables en el mercado, donde [&hellip;]<\/p>\n","protected":false},"author":1,"featured_media":8,"parent":0,"menu_order":0,"comment_status":"closed","ping_status":"closed","template":"page-no-title","meta":{"footnotes":""},"class_list":["post-2","page","type-page","status-publish","has-post-thumbnail","hentry"],"_links":{"self":[{"href":"https:\/\/bulkgrade.com\/index.php\/wp-json\/wp\/v2\/pages\/2","targetHints":{"allow":["GET"]}}],"collection":[{"href":"https:\/\/bulkgrade.com\/index.php\/wp-json\/wp\/v2\/pages"}],"about":[{"href":"https:\/\/bulkgrade.com\/index.php\/wp-json\/wp\/v2\/types\/page"}],"author":[{"embeddable":true,"href":"https:\/\/bulkgrade.com\/index.php\/wp-json\/wp\/v2\/users\/1"}],"replies":[{"embeddable":true,"href":"https:\/\/bulkgrade.com\/index.php\/wp-json\/wp\/v2\/comments?post=2"}],"version-history":[{"count":14,"href":"https:\/\/bulkgrade.com\/index.php\/wp-json\/wp\/v2\/pages\/2\/revisions"}],"predecessor-version":[{"id":144,"href":"https:\/\/bulkgrade.com\/index.php\/wp-json\/wp\/v2\/pages\/2\/revisions\/144"}],"wp:featuredmedia":[{"embeddable":true,"href":"https:\/\/bulkgrade.com\/index.php\/wp-json\/wp\/v2\/media\/8"}],"wp:attachment":[{"href":"https:\/\/bulkgrade.com\/index.php\/wp-json\/wp\/v2\/media?parent=2"}],"curies":[{"name":"wp","href":"https:\/\/api.w.org\/{rel}","templated":true}]}}